{"id":571,"date":"2022-11-16T22:58:32","date_gmt":"2022-11-16T22:58:32","guid":{"rendered":"https:\/\/oportunidadesdigitales.online\/intertrafic\/?page_id=571"},"modified":"2023-01-23T17:14:58","modified_gmt":"2023-01-23T17:14:58","slug":"productos","status":"publish","type":"page","link":"https:\/\/oportunidadesdigitales.online\/intertrafic\/productos\/","title":{"rendered":"Productos"},"content":{"rendered":"\t\t<div data-elementor-type=\"wp-page\" data-elementor-id=\"571\" class=\"elementor elementor-571\">\n\t\t\t\t\t\t\t\t\t<section class=\"elementor-section elementor-top-section elementor-element elementor-element-9e11c86 elementor-section-full_width elementor-section-height-min-height elementor-section-height-default elementor-section-items-middle\" data-id=\"9e11c86\" data-element_type=\"section\" data-settings=\"{&quot;background_background&quot;:&quot;classic&quot;}\">\n\t\t\t\t\t\t<div class=\"elementor-container elementor-column-gap-no\">\n\t\t\t\t\t<div class=\"elementor-column elementor-col-100 elementor-top-column elementor-element elementor-element-1bc1c1f\" data-id=\"1bc1c1f\" data-element_type=\"column\">\n\t\t\t<div class=\"elementor-widget-wrap\">\n\t\t\t\t\t\t\t\t\t<\/div>\n\t\t<\/div>\n\t\t\t\t\t\t\t<\/div>\n\t\t<\/section>\n\t\t\t\t<section class=\"elementor-section elementor-top-section elementor-element elementor-element-fad3a3e elementor-section-height-min-height elementor-section-boxed elementor-section-height-default elementor-section-items-middle\" data-id=\"fad3a3e\" data-element_type=\"section\" data-settings=\"{&quot;background_background&quot;:&quot;slideshow&quot;,&quot;background_slideshow_gallery&quot;:[],&quot;background_slideshow_slide_duration&quot;:5000,&quot;background_slideshow_slide_transition&quot;:&quot;fade&quot;,&quot;background_slideshow_transition_duration&quot;:500}\">\n\t\t\t\t\t\t<div class=\"elementor-container elementor-column-gap-no\">\n\t\t\t\t\t<div class=\"elementor-column elementor-col-100 elementor-top-column elementor-element elementor-element-ece1ac7\" data-id=\"ece1ac7\" data-element_type=\"column\">\n\t\t\t<div class=\"elementor-widget-wrap elementor-element-populated\">\n\t\t\t\t\t\t\t\t<div class=\"elementor-element elementor-element-7b7ed9d elementor-widget__width-initial elementor-widget elementor-widget-image\" data-id=\"7b7ed9d\" data-element_type=\"widget\" data-widget_type=\"image.default\">\n\t\t\t\t<div class=\"elementor-widget-container\">\n\t\t\t<style>\/*! elementor - v3.9.0 - 06-12-2022 *\/\n.elementor-widget-image{text-align:center}.elementor-widget-image a{display:inline-block}.elementor-widget-image a img[src$=\".svg\"]{width:48px}.elementor-widget-image img{vertical-align:middle;display:inline-block}<\/style>\t\t\t\t\t\t\t\t\t\t\t\t<img decoding=\"async\" width=\"2400\" height=\"1000\" src=\"https:\/\/oportunidadesdigitales.online\/intertrafic\/wp-content\/uploads\/2023\/01\/BANNER-CATALOGO-2.jpg\" class=\"attachment-full size-full wp-image-1183\" alt=\"\" loading=\"lazy\" srcset=\"https:\/\/oportunidadesdigitales.online\/intertrafic\/wp-content\/uploads\/2023\/01\/BANNER-CATALOGO-2.jpg 2400w, https:\/\/oportunidadesdigitales.online\/intertrafic\/wp-content\/uploads\/2023\/01\/BANNER-CATALOGO-2-300x125.jpg 300w, https:\/\/oportunidadesdigitales.online\/intertrafic\/wp-content\/uploads\/2023\/01\/BANNER-CATALOGO-2-1024x427.jpg 1024w, https:\/\/oportunidadesdigitales.online\/intertrafic\/wp-content\/uploads\/2023\/01\/BANNER-CATALOGO-2-768x320.jpg 768w, https:\/\/oportunidadesdigitales.online\/intertrafic\/wp-content\/uploads\/2023\/01\/BANNER-CATALOGO-2-1536x640.jpg 1536w, https:\/\/oportunidadesdigitales.online\/intertrafic\/wp-content\/uploads\/2023\/01\/BANNER-CATALOGO-2-2048x853.jpg 2048w\" sizes=\"(max-width: 2400px) 100vw, 2400px\" \/>\t\t\t\t\t\t\t\t\t\t\t\t\t\t\t<\/div>\n\t\t\t\t<\/div>\n\t\t\t\t\t<\/div>\n\t\t<\/div>\n\t\t\t\t\t\t\t<\/div>\n\t\t<\/section>\n\t\t\t\t<section class=\"elementor-section elementor-top-section elementor-element elementor-element-841538c elementor-section-boxed elementor-section-height-default elementor-section-height-default\" data-id=\"841538c\" data-element_type=\"section\" data-settings=\"{&quot;background_background&quot;:&quot;classic&quot;}\">\n\t\t\t\t\t\t<div class=\"elementor-container elementor-column-gap-default\">\n\t\t\t\t\t<div class=\"elementor-column elementor-col-50 elementor-top-column elementor-element elementor-element-39d1ecc\" data-id=\"39d1ecc\" data-element_type=\"column\">\n\t\t\t<div class=\"elementor-widget-wrap elementor-element-populated\">\n\t\t\t\t\t\t\t\t<div class=\"elementor-element elementor-element-b32eef9 elementor-align-center elementor-widget elementor-widget-button\" data-id=\"b32eef9\" data-element_type=\"widget\" data-widget_type=\"button.default\">\n\t\t\t\t<div class=\"elementor-widget-container\">\n\t\t\t\t\t<div class=\"elementor-button-wrapper\">\n\t\t\t<a href=\"http:\/\/oportunidadesdigitales.online\/intertrafic\/wp-content\/uploads\/2023\/01\/CATALOGO_INTERTRAFICO_2023_.pdf\" target=\"_blank\" class=\"elementor-button-link elementor-button elementor-size-sm\" role=\"button\">\n\t\t\t\t\t\t<span class=\"elementor-button-content-wrapper\">\n\t\t\t\t\t\t<span class=\"elementor-button-text\">Ver cat\u00e1logo de productos<\/span>\n\t\t<\/span>\n\t\t\t\t\t<\/a>\n\t\t<\/div>\n\t\t\t\t<\/div>\n\t\t\t\t<\/div>\n\t\t\t\t\t<\/div>\n\t\t<\/div>\n\t\t\t\t<div class=\"elementor-column elementor-col-50 elementor-top-column elementor-element elementor-element-85400b7\" data-id=\"85400b7\" data-element_type=\"column\">\n\t\t\t<div class=\"elementor-widget-wrap elementor-element-populated\">\n\t\t\t\t\t\t\t\t<div class=\"elementor-element elementor-element-b8ad2f5 elementor-align-center elementor-widget elementor-widget-button\" data-id=\"b8ad2f5\" data-element_type=\"widget\" data-widget_type=\"button.default\">\n\t\t\t\t<div class=\"elementor-widget-container\">\n\t\t\t\t\t<div class=\"elementor-button-wrapper\">\n\t\t\t<a href=\"http:\/\/oportunidadesdigitales.online\/intertrafic\/wp-content\/uploads\/2023\/01\/Portafolio_de_Proyectos_Intertrafico.pdf\" target=\"_blank\" class=\"elementor-button-link elementor-button elementor-size-sm\" role=\"button\">\n\t\t\t\t\t\t<span class=\"elementor-button-content-wrapper\">\n\t\t\t\t\t\t<span class=\"elementor-button-text\">Ver portafolio de proyectos<\/span>\n\t\t<\/span>\n\t\t\t\t\t<\/a>\n\t\t<\/div>\n\t\t\t\t<\/div>\n\t\t\t\t<\/div>\n\t\t\t\t\t<\/div>\n\t\t<\/div>\n\t\t\t\t\t\t\t<\/div>\n\t\t<\/section>\n\t\t\t\t<section class=\"elementor-section elementor-top-section elementor-element elementor-element-48adfe5b elementor-section-content-middle elementor-section-boxed elementor-section-height-default elementor-section-height-default\" data-id=\"48adfe5b\" data-element_type=\"section\" data-settings=\"{&quot;background_background&quot;:&quot;classic&quot;}\">\n\t\t\t\t\t\t<div class=\"elementor-container elementor-column-gap-no\">\n\t\t\t\t\t<div class=\"elementor-column elementor-col-100 elementor-top-column elementor-element elementor-element-71998ab\" data-id=\"71998ab\" data-element_type=\"column\">\n\t\t\t<div class=\"elementor-widget-wrap elementor-element-populated\">\n\t\t\t\t\t\t\t\t<section class=\"elementor-section elementor-inner-section elementor-element elementor-element-4ab890cc elementor-section-content-middle elementor-section-boxed elementor-section-height-default elementor-section-height-default\" data-id=\"4ab890cc\" data-element_type=\"section\" data-settings=\"{&quot;background_background&quot;:&quot;slideshow&quot;,&quot;background_slideshow_gallery&quot;:[],&quot;background_slideshow_loop&quot;:&quot;yes&quot;,&quot;background_slideshow_slide_duration&quot;:5000,&quot;background_slideshow_slide_transition&quot;:&quot;fade&quot;,&quot;background_slideshow_transition_duration&quot;:500}\">\n\t\t\t\t\t\t<div class=\"elementor-container elementor-column-gap-no\">\n\t\t\t\t\t<div class=\"elementor-column elementor-col-50 elementor-inner-column elementor-element elementor-element-3506de4d\" data-id=\"3506de4d\" data-element_type=\"column\">\n\t\t\t<div class=\"elementor-widget-wrap elementor-element-populated\">\n\t\t\t\t\t\t\t\t<div class=\"elementor-element elementor-element-b8f8468 elementor-widget elementor-widget-image\" data-id=\"b8f8468\" data-element_type=\"widget\" data-widget_type=\"image.default\">\n\t\t\t\t<div class=\"elementor-widget-container\">\n\t\t\t\t\t\t\t\t\t\t\t\t\t\t\t<img decoding=\"async\" width=\"1024\" height=\"1024\" src=\"https:\/\/oportunidadesdigitales.online\/intertrafic\/wp-content\/uploads\/2022\/11\/Artboard-17--1024x1024.png\" class=\"attachment-large size-large wp-image-318\" alt=\"\" loading=\"lazy\" srcset=\"https:\/\/oportunidadesdigitales.online\/intertrafic\/wp-content\/uploads\/2022\/11\/Artboard-17--1024x1024.png 1024w, https:\/\/oportunidadesdigitales.online\/intertrafic\/wp-content\/uploads\/2022\/11\/Artboard-17--300x300.png 300w, https:\/\/oportunidadesdigitales.online\/intertrafic\/wp-content\/uploads\/2022\/11\/Artboard-17--150x150.png 150w, https:\/\/oportunidadesdigitales.online\/intertrafic\/wp-content\/uploads\/2022\/11\/Artboard-17--768x768.png 768w, https:\/\/oportunidadesdigitales.online\/intertrafic\/wp-content\/uploads\/2022\/11\/Artboard-17--1536x1536.png 1536w, https:\/\/oportunidadesdigitales.online\/intertrafic\/wp-content\/uploads\/2022\/11\/Artboard-17-.png 1600w\" sizes=\"(max-width: 1024px) 100vw, 1024px\" \/>\t\t\t\t\t\t\t\t\t\t\t\t\t\t\t<\/div>\n\t\t\t\t<\/div>\n\t\t\t\t\t<\/div>\n\t\t<\/div>\n\t\t\t\t<div class=\"elementor-column elementor-col-50 elementor-inner-column elementor-element elementor-element-4b8989d1\" data-id=\"4b8989d1\" data-element_type=\"column\">\n\t\t\t<div class=\"elementor-widget-wrap elementor-element-populated\">\n\t\t\t\t\t\t\t\t<div class=\"elementor-element elementor-element-f46209f elementor-widget elementor-widget-heading\" data-id=\"f46209f\" data-element_type=\"widget\" data-widget_type=\"heading.default\">\n\t\t\t\t<div class=\"elementor-widget-container\">\n\t\t\t<style>\/*! elementor - v3.9.0 - 06-12-2022 *\/\n.elementor-heading-title{padding:0;margin:0;line-height:1}.elementor-widget-heading .elementor-heading-title[class*=elementor-size-]>a{color:inherit;font-size:inherit;line-height:inherit}.elementor-widget-heading .elementor-heading-title.elementor-size-small{font-size:15px}.elementor-widget-heading .elementor-heading-title.elementor-size-medium{font-size:19px}.elementor-widget-heading .elementor-heading-title.elementor-size-large{font-size:29px}.elementor-widget-heading .elementor-heading-title.elementor-size-xl{font-size:39px}.elementor-widget-heading .elementor-heading-title.elementor-size-xxl{font-size:59px}<\/style><h2 class=\"elementor-heading-title elementor-size-default\">SE\u00d1ALAMIENTO HORIZONTAL Y DISPOSITIVOS DE SEGURIDAD<\/h2>\t\t<\/div>\n\t\t\t\t<\/div>\n\t\t\t\t<div class=\"elementor-element elementor-element-549b450f elementor-widget elementor-widget-text-editor\" data-id=\"549b450f\" data-element_type=\"widget\" data-widget_type=\"text-editor.default\">\n\t\t\t\t<div class=\"elementor-widget-container\">\n\t\t\t<style>\/*! elementor - v3.9.0 - 06-12-2022 *\/\n.elementor-widget-text-editor.elementor-drop-cap-view-stacked .elementor-drop-cap{background-color:#818a91;color:#fff}.elementor-widget-text-editor.elementor-drop-cap-view-framed .elementor-drop-cap{color:#818a91;border:3px solid;background-color:transparent}.elementor-widget-text-editor:not(.elementor-drop-cap-view-default) .elementor-drop-cap{margin-top:8px}.elementor-widget-text-editor:not(.elementor-drop-cap-view-default) .elementor-drop-cap-letter{width:1em;height:1em}.elementor-widget-text-editor .elementor-drop-cap{float:left;text-align:center;line-height:1;font-size:50px}.elementor-widget-text-editor .elementor-drop-cap-letter{display:inline-block}<\/style>\t\t\t\t<p><strong>Fabricamos e instalamos dispositivos viales para equipar de forma correcta espacios p\u00fablicos y privados, tales como canalizadores para ciclopistas y carriles confinados, balizas abatibles, bolardos, reductores de velocidad, protectores de columna, vialetones, topes de estacionamiento, valla antideslumbrante, conos, boyas, se\u00f1alamiento de protecci\u00f3n de obra, botones, vialetas, trafitambos, barricadas, loseta podot\u00e1ctil, barreras, postes alineadores, l\u00e1mparas de destello, indicadores de alineamiento, amortiguadores de impacto, pegamento ep\u00f3xico, pir\u00e1mide vehicular, m\u00e9nsula reflejante, etc.<\/strong><\/p>\t\t\t\t\t\t<\/div>\n\t\t\t\t<\/div>\n\t\t\t\t\t<\/div>\n\t\t<\/div>\n\t\t\t\t\t\t\t<\/div>\n\t\t<\/section>\n\t\t\t\t<section class=\"elementor-section elementor-inner-section elementor-element elementor-element-63422d3a elementor-section-content-middle elementor-reverse-mobile elementor-section-boxed elementor-section-height-default elementor-section-height-default\" data-id=\"63422d3a\" data-element_type=\"section\">\n\t\t\t\t\t\t<div class=\"elementor-container elementor-column-gap-no\">\n\t\t\t\t\t<div class=\"elementor-column elementor-col-50 elementor-inner-column elementor-element elementor-element-71fd0f48\" data-id=\"71fd0f48\" data-element_type=\"column\">\n\t\t\t<div class=\"elementor-widget-wrap elementor-element-populated\">\n\t\t\t\t\t\t\t\t<div class=\"elementor-element elementor-element-2ea755ff elementor-widget elementor-widget-heading\" data-id=\"2ea755ff\" data-element_type=\"widget\" data-widget_type=\"heading.default\">\n\t\t\t\t<div class=\"elementor-widget-container\">\n\t\t\t<h2 class=\"elementor-heading-title elementor-size-default\">BALIZAMIENTO<\/h2>\t\t<\/div>\n\t\t\t\t<\/div>\n\t\t\t\t<div class=\"elementor-element elementor-element-575228b6 elementor-widget elementor-widget-text-editor\" data-id=\"575228b6\" data-element_type=\"widget\" data-widget_type=\"text-editor.default\">\n\t\t\t\t<div class=\"elementor-widget-container\">\n\t\t\t\t\t\t\t<p><strong>Con equipos y herramientas especializadas pintamos de forma adecuada vialidades, guarniciones y estructuras en espacios p\u00fablicos y privados utilizando pinturas de tr\u00e1fico y microesferas de alta calidad.<\/strong><\/p>\t\t\t\t\t\t<\/div>\n\t\t\t\t<\/div>\n\t\t\t\t\t<\/div>\n\t\t<\/div>\n\t\t\t\t<div class=\"elementor-column elementor-col-50 elementor-inner-column elementor-element elementor-element-3d65cfac\" data-id=\"3d65cfac\" data-element_type=\"column\">\n\t\t\t<div class=\"elementor-widget-wrap elementor-element-populated\">\n\t\t\t\t\t\t\t\t<div class=\"elementor-element elementor-element-1c9fa47e elementor-widget elementor-widget-image\" data-id=\"1c9fa47e\" data-element_type=\"widget\" data-widget_type=\"image.default\">\n\t\t\t\t<div class=\"elementor-widget-container\">\n\t\t\t\t\t\t\t\t\t\t\t\t\t\t\t<img decoding=\"async\" width=\"800\" height=\"800\" src=\"https:\/\/oportunidadesdigitales.online\/intertrafic\/wp-content\/uploads\/2022\/12\/CATEGORIA-4-obras-viales-1.png\" class=\"attachment-large size-large wp-image-879\" alt=\"\" loading=\"lazy\" srcset=\"https:\/\/oportunidadesdigitales.online\/intertrafic\/wp-content\/uploads\/2022\/12\/CATEGORIA-4-obras-viales-1.png 800w, https:\/\/oportunidadesdigitales.online\/intertrafic\/wp-content\/uploads\/2022\/12\/CATEGORIA-4-obras-viales-1-300x300.png 300w, https:\/\/oportunidadesdigitales.online\/intertrafic\/wp-content\/uploads\/2022\/12\/CATEGORIA-4-obras-viales-1-150x150.png 150w, https:\/\/oportunidadesdigitales.online\/intertrafic\/wp-content\/uploads\/2022\/12\/CATEGORIA-4-obras-viales-1-768x768.png 768w\" sizes=\"(max-width: 800px) 100vw, 800px\" \/>\t\t\t\t\t\t\t\t\t\t\t\t\t\t\t<\/div>\n\t\t\t\t<\/div>\n\t\t\t\t\t<\/div>\n\t\t<\/div>\n\t\t\t\t\t\t\t<\/div>\n\t\t<\/section>\n\t\t\t\t\t<\/div>\n\t\t<\/div>\n\t\t\t\t\t\t\t<\/div>\n\t\t<\/section>\n\t\t\t\t<section class=\"elementor-section elementor-top-section elementor-element elementor-element-25ada6d elementor-section-content-middle elementor-section-boxed elementor-section-height-default elementor-section-height-default\" data-id=\"25ada6d\" data-element_type=\"section\">\n\t\t\t\t\t\t<div class=\"elementor-container elementor-column-gap-no\">\n\t\t\t\t\t<div class=\"elementor-column elementor-col-100 elementor-top-column elementor-element elementor-element-f0332ea\" data-id=\"f0332ea\" data-element_type=\"column\">\n\t\t\t<div class=\"elementor-widget-wrap elementor-element-populated\">\n\t\t\t\t\t\t\t\t<section class=\"elementor-section elementor-inner-section elementor-element elementor-element-b6e8f4c elementor-section-content-middle elementor-section-boxed elementor-section-height-default elementor-section-height-default\" data-id=\"b6e8f4c\" data-element_type=\"section\">\n\t\t\t\t\t\t<div class=\"elementor-container elementor-column-gap-no\">\n\t\t\t\t\t<div class=\"elementor-column elementor-col-50 elementor-inner-column elementor-element elementor-element-597f2e3\" data-id=\"597f2e3\" data-element_type=\"column\">\n\t\t\t<div class=\"elementor-widget-wrap elementor-element-populated\">\n\t\t\t\t\t\t\t\t<div class=\"elementor-element elementor-element-b626c0b elementor-widget elementor-widget-image\" data-id=\"b626c0b\" data-element_type=\"widget\" data-widget_type=\"image.default\">\n\t\t\t\t<div class=\"elementor-widget-container\">\n\t\t\t\t\t\t\t\t\t\t\t\t\t\t\t<img decoding=\"async\" width=\"800\" height=\"800\" src=\"https:\/\/oportunidadesdigitales.online\/intertrafic\/wp-content\/uploads\/2022\/11\/CATEGORIA-2-s.-vertical-.png\" class=\"attachment-large size-large wp-image-156\" alt=\"\" loading=\"lazy\" srcset=\"https:\/\/oportunidadesdigitales.online\/intertrafic\/wp-content\/uploads\/2022\/11\/CATEGORIA-2-s.-vertical-.png 800w, https:\/\/oportunidadesdigitales.online\/intertrafic\/wp-content\/uploads\/2022\/11\/CATEGORIA-2-s.-vertical--300x300.png 300w, https:\/\/oportunidadesdigitales.online\/intertrafic\/wp-content\/uploads\/2022\/11\/CATEGORIA-2-s.-vertical--150x150.png 150w, https:\/\/oportunidadesdigitales.online\/intertrafic\/wp-content\/uploads\/2022\/11\/CATEGORIA-2-s.-vertical--768x768.png 768w\" sizes=\"(max-width: 800px) 100vw, 800px\" \/>\t\t\t\t\t\t\t\t\t\t\t\t\t\t\t<\/div>\n\t\t\t\t<\/div>\n\t\t\t\t\t<\/div>\n\t\t<\/div>\n\t\t\t\t<div class=\"elementor-column elementor-col-50 elementor-inner-column elementor-element elementor-element-8b49f8c\" data-id=\"8b49f8c\" data-element_type=\"column\">\n\t\t\t<div class=\"elementor-widget-wrap elementor-element-populated\">\n\t\t\t\t\t\t\t\t<div class=\"elementor-element elementor-element-2f8eee2 elementor-widget elementor-widget-heading\" data-id=\"2f8eee2\" data-element_type=\"widget\" data-widget_type=\"heading.default\">\n\t\t\t\t<div class=\"elementor-widget-container\">\n\t\t\t<h2 class=\"elementor-heading-title elementor-size-default\">SE\u00d1ALAMIENTO VERTICAL<\/h2>\t\t<\/div>\n\t\t\t\t<\/div>\n\t\t\t\t<div class=\"elementor-element elementor-element-3758512 elementor-widget elementor-widget-text-editor\" data-id=\"3758512\" data-element_type=\"widget\" data-widget_type=\"text-editor.default\">\n\t\t\t\t<div class=\"elementor-widget-container\">\n\t\t\t\t\t\t\t<p><strong>Bajo altos est\u00e1ndares de calidad y considerando la normatividad vial aplicable, fabricamos y dise\u00f1amos se\u00f1alamientos de l\u00e1mina restrictivos, preventivos, informativos, tur\u00edsticos, de servicios, protecci\u00f3n de obra, as\u00ed como se\u00f1ales especiales para interiores y exteriores seg\u00fan la necesidad de nuestros clientes.<\/strong><\/p>\t\t\t\t\t\t<\/div>\n\t\t\t\t<\/div>\n\t\t\t\t\t<\/div>\n\t\t<\/div>\n\t\t\t\t\t\t\t<\/div>\n\t\t<\/section>\n\t\t\t\t<section class=\"elementor-section elementor-inner-section elementor-element elementor-element-8271fd3 elementor-section-content-middle elementor-reverse-mobile elementor-section-boxed elementor-section-height-default elementor-section-height-default\" data-id=\"8271fd3\" data-element_type=\"section\">\n\t\t\t\t\t\t<div class=\"elementor-container elementor-column-gap-no\">\n\t\t\t\t\t<div class=\"elementor-column elementor-col-50 elementor-inner-column elementor-element elementor-element-0e55bb7\" data-id=\"0e55bb7\" data-element_type=\"column\">\n\t\t\t<div class=\"elementor-widget-wrap elementor-element-populated\">\n\t\t\t\t\t\t\t\t<div class=\"elementor-element elementor-element-96dbe03 elementor-widget elementor-widget-heading\" data-id=\"96dbe03\" data-element_type=\"widget\" data-widget_type=\"heading.default\">\n\t\t\t\t<div class=\"elementor-widget-container\">\n\t\t\t<h2 class=\"elementor-heading-title elementor-size-default\">PROYECTOS ESPECIALES<\/h2>\t\t<\/div>\n\t\t\t\t<\/div>\n\t\t\t\t<div class=\"elementor-element elementor-element-e7d34ef elementor-widget elementor-widget-text-editor\" data-id=\"e7d34ef\" data-element_type=\"widget\" data-widget_type=\"text-editor.default\">\n\t\t\t\t<div class=\"elementor-widget-container\">\n\t\t\t\t\t\t\t<p><strong>Con personal altamente capacitado, desarrollamos proyectos con requerimientos muy espec\u00edficos. <\/strong><strong>Fabricamos y dise\u00f1amos mobiliario de acuerdo a las necesidades de nuestros clientes, haciendo de los espacios p\u00fablicos lugares c\u00f3modos, limpios y seguros para los usuarios. Puede incluir bancas, letras monumentales, letreros luminosos, bolardos, adoquines, t\u00f3tems, entre otros, tomando en consideraci\u00f3n los materiales adecuados para el entorno.<\/strong><\/p>\t\t\t\t\t\t<\/div>\n\t\t\t\t<\/div>\n\t\t\t\t\t<\/div>\n\t\t<\/div>\n\t\t\t\t<div class=\"elementor-column elementor-col-50 elementor-inner-column elementor-element elementor-element-a6a31ba\" data-id=\"a6a31ba\" data-element_type=\"column\">\n\t\t\t<div class=\"elementor-widget-wrap elementor-element-populated\">\n\t\t\t\t\t\t\t\t<div class=\"elementor-element elementor-element-171db2a elementor-widget elementor-widget-image\" data-id=\"171db2a\" data-element_type=\"widget\" data-widget_type=\"image.default\">\n\t\t\t\t<div class=\"elementor-widget-container\">\n\t\t\t\t\t\t\t\t\t\t\t\t\t\t\t<img decoding=\"async\" width=\"1024\" height=\"683\" src=\"https:\/\/oportunidadesdigitales.online\/intertrafic\/wp-content\/uploads\/2022\/11\/BANNER-HOME-1--1024x683.png\" class=\"attachment-large size-large wp-image-143\" alt=\"\" loading=\"lazy\" srcset=\"https:\/\/oportunidadesdigitales.online\/intertrafic\/wp-content\/uploads\/2022\/11\/BANNER-HOME-1--1024x683.png 1024w, https:\/\/oportunidadesdigitales.online\/intertrafic\/wp-content\/uploads\/2022\/11\/BANNER-HOME-1--300x200.png 300w, https:\/\/oportunidadesdigitales.online\/intertrafic\/wp-content\/uploads\/2022\/11\/BANNER-HOME-1--768x512.png 768w, https:\/\/oportunidadesdigitales.online\/intertrafic\/wp-content\/uploads\/2022\/11\/BANNER-HOME-1--1536x1024.png 1536w, https:\/\/oportunidadesdigitales.online\/intertrafic\/wp-content\/uploads\/2022\/11\/BANNER-HOME-1--2048x1365.png 2048w\" sizes=\"(max-width: 1024px) 100vw, 1024px\" \/>\t\t\t\t\t\t\t\t\t\t\t\t\t\t\t<\/div>\n\t\t\t\t<\/div>\n\t\t\t\t\t<\/div>\n\t\t<\/div>\n\t\t\t\t\t\t\t<\/div>\n\t\t<\/section>\n\t\t\t\t\t<\/div>\n\t\t<\/div>\n\t\t\t\t\t\t\t<\/div>\n\t\t<\/section>\n\t\t\t\t\t\t\t<\/div>\n\t\t","protected":false},"excerpt":{"rendered":"<p>Ver cat\u00e1logo de productos Ver portafolio de proyectos SE\u00d1ALAMIENTO HORIZONTAL Y DISPOSITIVOS DE SEGURIDAD Fabricamos e instalamos dispositivos viales para equipar de forma correcta espacios p\u00fablicos y privados, tales como canalizadores para ciclopistas y carriles confinados, balizas abatibles, bolardos, reductores de velocidad, protectores de columna, vialetones, topes de estacionamiento, valla antideslumbrante, conos, boyas, se\u00f1alamiento de &hellip;<\/p>\n<p class=\"read-more\"> <a class=\"\" href=\"https:\/\/oportunidadesdigitales.online\/intertrafic\/productos\/\"> <span class=\"screen-reader-text\">Productos<\/span> Read More &raquo;<\/a><\/p>\n","protected":false},"author":1,"featured_media":0,"parent":0,"menu_order":0,"comment_status":"closed","ping_status":"closed","template":"","meta":{"site-sidebar-layout":"no-sidebar","site-content-layout":"page-builder","ast-global-header-display":"","ast-main-header-display":"","ast-hfb-above-header-display":"","ast-hfb-below-header-display":"","ast-hfb-mobile-header-display":"","site-post-title":"disabled","ast-breadcrumbs-content":"","ast-featured-img":"disabled","footer-sml-layout":"","theme-transparent-header-meta":"","adv-header-id-meta":"","stick-header-meta":"","header-above-stick-meta":"","header-main-stick-meta":"","header-below-stick-meta":"","pgc_sgb_lightbox_settings":"","_joinchat":[]},"_links":{"self":[{"href":"https:\/\/oportunidadesdigitales.online\/intertrafic\/wp-json\/wp\/v2\/pages\/571"}],"collection":[{"href":"https:\/\/oportunidadesdigitales.online\/intertrafic\/wp-json\/wp\/v2\/pages"}],"about":[{"href":"https:\/\/oportunidadesdigitales.online\/intertrafic\/wp-json\/wp\/v2\/types\/page"}],"author":[{"embeddable":true,"href":"https:\/\/oportunidadesdigitales.online\/intertrafic\/wp-json\/wp\/v2\/users\/1"}],"replies":[{"embeddable":true,"href":"https:\/\/oportunidadesdigitales.online\/intertrafic\/wp-json\/wp\/v2\/comments?post=571"}],"version-history":[{"count":248,"href":"https:\/\/oportunidadesdigitales.online\/intertrafic\/wp-json\/wp\/v2\/pages\/571\/revisions"}],"predecessor-version":[{"id":1296,"href":"https:\/\/oportunidadesdigitales.online\/intertrafic\/wp-json\/wp\/v2\/pages\/571\/revisions\/1296"}],"wp:attachment":[{"href":"https:\/\/oportunidadesdigitales.online\/intertrafic\/wp-json\/wp\/v2\/media?parent=571"}],"curies":[{"name":"wp","href":"https:\/\/api.w.org\/{rel}","templated":true}]}}