{"id":795,"date":"2022-12-09T00:14:36","date_gmt":"2022-12-09T00:14:36","guid":{"rendered":"https:\/\/oportunidadesdigitales.online\/intertrafic\/?page_id=795"},"modified":"2023-01-04T00:31:29","modified_gmt":"2023-01-04T00:31:29","slug":"aviso_privacidad","status":"publish","type":"page","link":"https:\/\/oportunidadesdigitales.online\/intertrafic\/aviso_privacidad\/","title":{"rendered":"aviso_privacidad"},"content":{"rendered":"\t\t<div data-elementor-type=\"wp-page\" data-elementor-id=\"795\" class=\"elementor elementor-795\">\n\t\t\t\t\t\t\t\t\t<section class=\"elementor-section elementor-top-section elementor-element elementor-element-e9747f5 elementor-section-boxed elementor-section-height-default elementor-section-height-default\" data-id=\"e9747f5\" data-element_type=\"section\">\n\t\t\t\t\t\t<div class=\"elementor-container elementor-column-gap-no\">\n\t\t\t\t\t<div class=\"elementor-column elementor-col-100 elementor-top-column elementor-element elementor-element-0cd534c\" data-id=\"0cd534c\" data-element_type=\"column\">\n\t\t\t<div class=\"elementor-widget-wrap elementor-element-populated\">\n\t\t\t\t\t\t\t\t<div class=\"elementor-element elementor-element-599ce20 elementor-widget elementor-widget-image\" data-id=\"599ce20\" data-element_type=\"widget\" data-widget_type=\"image.default\">\n\t\t\t\t<div class=\"elementor-widget-container\">\n\t\t\t<style>\/*! elementor - v3.9.0 - 06-12-2022 *\/\n.elementor-widget-image{text-align:center}.elementor-widget-image a{display:inline-block}.elementor-widget-image a img[src$=\".svg\"]{width:48px}.elementor-widget-image img{vertical-align:middle;display:inline-block}<\/style>\t\t\t\t\t\t\t\t\t\t\t\t<img decoding=\"async\" width=\"1024\" height=\"683\" src=\"https:\/\/oportunidadesdigitales.online\/intertrafic\/wp-content\/uploads\/2022\/11\/BANNER-HOME-3--1024x683.png\" class=\"attachment-large size-large wp-image-149\" alt=\"\" loading=\"lazy\" srcset=\"https:\/\/oportunidadesdigitales.online\/intertrafic\/wp-content\/uploads\/2022\/11\/BANNER-HOME-3--1024x683.png 1024w, https:\/\/oportunidadesdigitales.online\/intertrafic\/wp-content\/uploads\/2022\/11\/BANNER-HOME-3--300x200.png 300w, https:\/\/oportunidadesdigitales.online\/intertrafic\/wp-content\/uploads\/2022\/11\/BANNER-HOME-3--768x512.png 768w, https:\/\/oportunidadesdigitales.online\/intertrafic\/wp-content\/uploads\/2022\/11\/BANNER-HOME-3--1536x1024.png 1536w, https:\/\/oportunidadesdigitales.online\/intertrafic\/wp-content\/uploads\/2022\/11\/BANNER-HOME-3--2048x1365.png 2048w\" sizes=\"(max-width: 1024px) 100vw, 1024px\" \/>\t\t\t\t\t\t\t\t\t\t\t\t\t\t\t<\/div>\n\t\t\t\t<\/div>\n\t\t\t\t\t<\/div>\n\t\t<\/div>\n\t\t\t\t\t\t\t<\/div>\n\t\t<\/section>\n\t\t\t\t<section class=\"elementor-section elementor-top-section elementor-element elementor-element-09e4ab7 elementor-section-boxed elementor-section-height-default elementor-section-height-default\" data-id=\"09e4ab7\" data-element_type=\"section\">\n\t\t\t\t\t\t<div class=\"elementor-container elementor-column-gap-default\">\n\t\t\t\t\t<div class=\"elementor-column elementor-col-100 elementor-top-column elementor-element elementor-element-58df0a1\" data-id=\"58df0a1\" data-element_type=\"column\">\n\t\t\t<div class=\"elementor-widget-wrap elementor-element-populated\">\n\t\t\t\t\t\t\t\t<div class=\"elementor-element elementor-element-7587fa7 elementor-widget elementor-widget-heading\" data-id=\"7587fa7\" data-element_type=\"widget\" data-widget_type=\"heading.default\">\n\t\t\t\t<div class=\"elementor-widget-container\">\n\t\t\t<style>\/*! elementor - v3.9.0 - 06-12-2022 *\/\n.elementor-heading-title{padding:0;margin:0;line-height:1}.elementor-widget-heading .elementor-heading-title[class*=elementor-size-]>a{color:inherit;font-size:inherit;line-height:inherit}.elementor-widget-heading .elementor-heading-title.elementor-size-small{font-size:15px}.elementor-widget-heading .elementor-heading-title.elementor-size-medium{font-size:19px}.elementor-widget-heading .elementor-heading-title.elementor-size-large{font-size:29px}.elementor-widget-heading .elementor-heading-title.elementor-size-xl{font-size:39px}.elementor-widget-heading .elementor-heading-title.elementor-size-xxl{font-size:59px}<\/style><h2 class=\"elementor-heading-title elementor-size-default\">Aviso de Privacidad<\/h2>\t\t<\/div>\n\t\t\t\t<\/div>\n\t\t\t\t\t<\/div>\n\t\t<\/div>\n\t\t\t\t\t\t\t<\/div>\n\t\t<\/section>\n\t\t\t\t<section class=\"elementor-section elementor-top-section elementor-element elementor-element-eba7691 elementor-section-boxed elementor-section-height-default elementor-section-height-default\" data-id=\"eba7691\" data-element_type=\"section\">\n\t\t\t\t\t\t<div class=\"elementor-container elementor-column-gap-default\">\n\t\t\t\t\t<div class=\"elementor-column elementor-col-100 elementor-top-column elementor-element elementor-element-6a5cc7e\" data-id=\"6a5cc7e\" data-element_type=\"column\">\n\t\t\t<div class=\"elementor-widget-wrap elementor-element-populated\">\n\t\t\t\t\t\t\t\t<div class=\"elementor-element elementor-element-d22e2c8 elementor-widget elementor-widget-text-editor\" data-id=\"d22e2c8\" data-element_type=\"widget\" data-widget_type=\"text-editor.default\">\n\t\t\t\t<div class=\"elementor-widget-container\">\n\t\t\t<style>\/*! elementor - v3.9.0 - 06-12-2022 *\/\n.elementor-widget-text-editor.elementor-drop-cap-view-stacked .elementor-drop-cap{background-color:#818a91;color:#fff}.elementor-widget-text-editor.elementor-drop-cap-view-framed .elementor-drop-cap{color:#818a91;border:3px solid;background-color:transparent}.elementor-widget-text-editor:not(.elementor-drop-cap-view-default) .elementor-drop-cap{margin-top:8px}.elementor-widget-text-editor:not(.elementor-drop-cap-view-default) .elementor-drop-cap-letter{width:1em;height:1em}.elementor-widget-text-editor .elementor-drop-cap{float:left;text-align:center;line-height:1;font-size:50px}.elementor-widget-text-editor .elementor-drop-cap-letter{display:inline-block}<\/style>\t\t\t\t<p><strong>De conformidad con lo previsto en la Ley Federal de Protecci\u00f3n de Datos Personales en Posesi\u00f3n de los Particulares (en lo sucesivo denominada como &#8220;la Ley&#8221;), nos permitimos solicitarle leer cuidadosamente los T\u00e9rminos y Condiciones contenidos en este documento, ya que la simple aportaci\u00f3n que haga de sus datos Personales o Datos Sensibles constituye la aceptaci\u00f3n de estos T\u00e9rminos y Condiciones:<\/strong><\/p><ol><li><strong>INTERTRAFICO ser\u00e1 responsable de los datos personales de conformidad a lo dispuesto por la fracci\u00f3n I del art\u00edculo 16 de la Ley, con domicilio Calle San Esteban No. 67, Colonia\u00a0 Santo Tomas, Alcaldia Azcapotzalco, CDMX Tel.: (55) 5768-6818 \/ (55) 6362-0697, es responsable de recabar sus datos personales, del uso que se le d\u00e9 a los mismos y de su protecci\u00f3n.<\/strong><\/li><li><strong>Los t\u00e9rminos &#8220;Datos Personales&#8221; y &#8220;Datos Sensibles&#8221; tendr\u00e1n el significado que se les atribuye en el art\u00edculo 3 de la Ley.<\/strong><\/li><li><strong>Los Datos Personales y\/o Datos Sensibles que usted pueda proporcionar al Responsable tendr\u00e1n el uso que en forma enunciativa pero no limitativa se describe a continuaci\u00f3n:<\/strong><ol><li><strong>Su informaci\u00f3n personal ser\u00e1 utilizada para proveer los servicios y productos que ha solicitado, as\u00ed como informarle sobre cambios en los mismos y evaluar la calidad del servicio que le brindamos. Para la finalidad antes mencionada, requerimos obtener los siguientes datos personales: Nombre, Apellidos, Nombre de la Empresa, tel\u00e9fono, correo electr\u00f3nico y direcci\u00f3n considerados como sensible seg\u00fan la Ley Federal de Protecci\u00f3n de Datos Personales en Posesi\u00f3n de los Particulares.<\/strong><\/li><\/ol><\/li><li><strong>Una vez que usted entregue al Responsable sus Datos Personales o Datos Sensibles, le manifestamos que estos ser\u00e1n conservados en diferentes medios seguros que la tecnolog\u00eda permita, cuyo acceso estar\u00e1 limitado solamente a las personas f\u00edsicas y\/o morales con la que el Responsable tenga alguna relaci\u00f3n jur\u00eddica. El Responsable contar\u00e1 con las medidas de seguridad que considere adecuadas para proteger el uso de sus Datos Personales y\/o Datos Sensibles por parte de terceros no autorizados. En caso de requerimiento de alguna autoridad, los datos Personales y\/o Datos Sensibles podr\u00e1n ponerse a disposici\u00f3n de \u00e9stas, dentro del estricto cumplimiento a la Ley.<\/strong><\/li><li><strong>El tratamiento de sus datos Personales, que se han puesto a disposici\u00f3n del Responsable bajo cualquier forma o circunstancia, de conformidad con los presentes t\u00e9rminos y condiciones, por lo que desde este momento se entiende que usted autoriza expresamente al Responsable para tal efecto, hasta en tanto usted manifieste su oposici\u00f3n mediante alguno de los medios que indica la Ley.<\/strong><\/li><li><strong>Trat\u00e1ndose de sus Datos Sensibles, usted tendr\u00e1 derecho a que el Responsable le informe sobre cualesquier transferencias que llegare a efectuar de los mismos a cualquier tercero, y para ello le ser\u00e1 notificada tal acci\u00f3n por cualquier medio, ya sea escrito, telef\u00f3nico, electr\u00f3nico, \u00f3ptico, sonoro, visual o cualquier otro que la tecnolog\u00eda permita ahora o en lo futuro. De darse el caso, usted tendr\u00e1 derecho a oponerse a ello, debiendo seguir el proceso mencionado en el punto inmediato anterior.<\/strong><\/li><li><strong>En el caso de que el Responsable requiera usar sus Datos Personales y\/o Datos Sensibles con fines diferentes a los se\u00f1alados en el presente Aviso de Privacidad, contactar\u00e1 con usted ya sea en forma escrita, telef\u00f3nica, electr\u00f3nica, o por cualquier medio \u00f3ptico, sonoro, visual u otro que la tecnolog\u00eda permita ahora o en lo futuro y le explicar\u00e1 los nuevos usos que pretenda darle a dicha informaci\u00f3n a fin de recabar su autorizaci\u00f3n.<\/strong><\/li><li><strong>Trat\u00e1ndose de Datos Sensibles, usted deber\u00e1 proporcionar al Responsable su consentimiento expreso y por escrito para su tratamiento, a trav\u00e9s de su firma aut\u00f3grafa, firma electr\u00f3nica, o cualquier mecanismo de autenticaci\u00f3n que al efecto se establezca.<\/strong><\/li><\/ol>\t\t\t\t\t\t<\/div>\n\t\t\t\t<\/div>\n\t\t\t\t\t<\/div>\n\t\t<\/div>\n\t\t\t\t\t\t\t<\/div>\n\t\t<\/section>\n\t\t\t\t\t\t\t<\/div>\n\t\t","protected":false},"excerpt":{"rendered":"<p>Aviso de Privacidad De conformidad con lo previsto en la Ley Federal de Protecci\u00f3n de Datos Personales en Posesi\u00f3n de los Particulares (en lo sucesivo denominada como &#8220;la Ley&#8221;), nos permitimos solicitarle leer cuidadosamente los T\u00e9rminos y Condiciones contenidos en este documento, ya que la simple aportaci\u00f3n que haga de sus datos Personales o Datos &hellip;<\/p>\n<p class=\"read-more\"> <a class=\"\" href=\"https:\/\/oportunidadesdigitales.online\/intertrafic\/aviso_privacidad\/\"> <span class=\"screen-reader-text\">aviso_privacidad<\/span> Read More &raquo;<\/a><\/p>\n","protected":false},"author":1,"featured_media":0,"parent":0,"menu_order":0,"comment_status":"closed","ping_status":"closed","template":"","meta":{"site-sidebar-layout":"no-sidebar","site-content-layout":"page-builder","ast-global-header-display":"","ast-main-header-display":"","ast-hfb-above-header-display":"","ast-hfb-below-header-display":"","ast-hfb-mobile-header-display":"","site-post-title":"disabled","ast-breadcrumbs-content":"","ast-featured-img":"disabled","footer-sml-layout":"","theme-transparent-header-meta":"","adv-header-id-meta":"","stick-header-meta":"","header-above-stick-meta":"","header-main-stick-meta":"","header-below-stick-meta":"","pgc_sgb_lightbox_settings":"","_joinchat":[]},"_links":{"self":[{"href":"https:\/\/oportunidadesdigitales.online\/intertrafic\/wp-json\/wp\/v2\/pages\/795"}],"collection":[{"href":"https:\/\/oportunidadesdigitales.online\/intertrafic\/wp-json\/wp\/v2\/pages"}],"about":[{"href":"https:\/\/oportunidadesdigitales.online\/intertrafic\/wp-json\/wp\/v2\/types\/page"}],"author":[{"embeddable":true,"href":"https:\/\/oportunidadesdigitales.online\/intertrafic\/wp-json\/wp\/v2\/users\/1"}],"replies":[{"embeddable":true,"href":"https:\/\/oportunidadesdigitales.online\/intertrafic\/wp-json\/wp\/v2\/comments?post=795"}],"version-history":[{"count":13,"href":"https:\/\/oportunidadesdigitales.online\/intertrafic\/wp-json\/wp\/v2\/pages\/795\/revisions"}],"predecessor-version":[{"id":1070,"href":"https:\/\/oportunidadesdigitales.online\/intertrafic\/wp-json\/wp\/v2\/pages\/795\/revisions\/1070"}],"wp:attachment":[{"href":"https:\/\/oportunidadesdigitales.online\/intertrafic\/wp-json\/wp\/v2\/media?parent=795"}],"curies":[{"name":"wp","href":"https:\/\/api.w.org\/{rel}","templated":true}]}}