{"id":800,"date":"2022-12-09T00:18:15","date_gmt":"2022-12-09T00:18:15","guid":{"rendered":"https:\/\/oportunidadesdigitales.online\/intertrafic\/?page_id=800"},"modified":"2022-12-16T17:50:28","modified_gmt":"2022-12-16T17:50:28","slug":"terminos_condiciones","status":"publish","type":"page","link":"https:\/\/oportunidadesdigitales.online\/intertrafic\/terminos_condiciones\/","title":{"rendered":"terminos_condiciones"},"content":{"rendered":"\t\t<div data-elementor-type=\"wp-page\" data-elementor-id=\"800\" class=\"elementor elementor-800\">\n\t\t\t\t\t\t\t\t\t<section class=\"elementor-section elementor-top-section elementor-element elementor-element-a193eb1 elementor-section-boxed elementor-section-height-default elementor-section-height-default\" data-id=\"a193eb1\" data-element_type=\"section\">\n\t\t\t\t\t\t<div class=\"elementor-container elementor-column-gap-no\">\n\t\t\t\t\t<div class=\"elementor-column elementor-col-100 elementor-top-column elementor-element elementor-element-cf2ef45\" data-id=\"cf2ef45\" data-element_type=\"column\">\n\t\t\t<div class=\"elementor-widget-wrap elementor-element-populated\">\n\t\t\t\t\t\t\t\t<div class=\"elementor-element elementor-element-813f989 elementor-widget elementor-widget-image\" data-id=\"813f989\" data-element_type=\"widget\" data-widget_type=\"image.default\">\n\t\t\t\t<div class=\"elementor-widget-container\">\n\t\t\t<style>\/*! elementor - v3.9.0 - 06-12-2022 *\/\n.elementor-widget-image{text-align:center}.elementor-widget-image a{display:inline-block}.elementor-widget-image a img[src$=\".svg\"]{width:48px}.elementor-widget-image img{vertical-align:middle;display:inline-block}<\/style>\t\t\t\t\t\t\t\t\t\t\t\t<img decoding=\"async\" width=\"1024\" height=\"683\" src=\"https:\/\/oportunidadesdigitales.online\/intertrafic\/wp-content\/uploads\/2022\/11\/BANNER-HOME-1--1024x683.png\" class=\"attachment-large size-large wp-image-143\" alt=\"\" loading=\"lazy\" srcset=\"https:\/\/oportunidadesdigitales.online\/intertrafic\/wp-content\/uploads\/2022\/11\/BANNER-HOME-1--1024x683.png 1024w, https:\/\/oportunidadesdigitales.online\/intertrafic\/wp-content\/uploads\/2022\/11\/BANNER-HOME-1--300x200.png 300w, https:\/\/oportunidadesdigitales.online\/intertrafic\/wp-content\/uploads\/2022\/11\/BANNER-HOME-1--768x512.png 768w, https:\/\/oportunidadesdigitales.online\/intertrafic\/wp-content\/uploads\/2022\/11\/BANNER-HOME-1--1536x1024.png 1536w, https:\/\/oportunidadesdigitales.online\/intertrafic\/wp-content\/uploads\/2022\/11\/BANNER-HOME-1--2048x1365.png 2048w\" sizes=\"(max-width: 1024px) 100vw, 1024px\" \/>\t\t\t\t\t\t\t\t\t\t\t\t\t\t\t<\/div>\n\t\t\t\t<\/div>\n\t\t\t\t\t<\/div>\n\t\t<\/div>\n\t\t\t\t\t\t\t<\/div>\n\t\t<\/section>\n\t\t\t\t<section class=\"elementor-section elementor-top-section elementor-element elementor-element-d39db83 elementor-section-boxed elementor-section-height-default elementor-section-height-default\" data-id=\"d39db83\" data-element_type=\"section\">\n\t\t\t\t\t\t<div class=\"elementor-container elementor-column-gap-default\">\n\t\t\t\t\t<div class=\"elementor-column elementor-col-100 elementor-top-column elementor-element elementor-element-0035070\" data-id=\"0035070\" data-element_type=\"column\">\n\t\t\t<div class=\"elementor-widget-wrap elementor-element-populated\">\n\t\t\t\t\t\t\t\t<div class=\"elementor-element elementor-element-980e41c elementor-widget elementor-widget-heading\" data-id=\"980e41c\" data-element_type=\"widget\" data-widget_type=\"heading.default\">\n\t\t\t\t<div class=\"elementor-widget-container\">\n\t\t\t<style>\/*! elementor - v3.9.0 - 06-12-2022 *\/\n.elementor-heading-title{padding:0;margin:0;line-height:1}.elementor-widget-heading .elementor-heading-title[class*=elementor-size-]>a{color:inherit;font-size:inherit;line-height:inherit}.elementor-widget-heading .elementor-heading-title.elementor-size-small{font-size:15px}.elementor-widget-heading .elementor-heading-title.elementor-size-medium{font-size:19px}.elementor-widget-heading .elementor-heading-title.elementor-size-large{font-size:29px}.elementor-widget-heading .elementor-heading-title.elementor-size-xl{font-size:39px}.elementor-widget-heading .elementor-heading-title.elementor-size-xxl{font-size:59px}<\/style><h2 class=\"elementor-heading-title elementor-size-default\">T\u00e9rminos y Condiciones<\/h2>\t\t<\/div>\n\t\t\t\t<\/div>\n\t\t\t\t\t<\/div>\n\t\t<\/div>\n\t\t\t\t\t\t\t<\/div>\n\t\t<\/section>\n\t\t\t\t<section class=\"elementor-section elementor-top-section elementor-element elementor-element-72751bf elementor-section-boxed elementor-section-height-default elementor-section-height-default\" data-id=\"72751bf\" data-element_type=\"section\">\n\t\t\t\t\t\t<div class=\"elementor-container elementor-column-gap-default\">\n\t\t\t\t\t<div class=\"elementor-column elementor-col-100 elementor-top-column elementor-element elementor-element-32dbc9b\" data-id=\"32dbc9b\" data-element_type=\"column\">\n\t\t\t<div class=\"elementor-widget-wrap elementor-element-populated\">\n\t\t\t\t\t\t\t\t<div class=\"elementor-element elementor-element-eec2fae elementor-widget elementor-widget-text-editor\" data-id=\"eec2fae\" data-element_type=\"widget\" data-widget_type=\"text-editor.default\">\n\t\t\t\t<div class=\"elementor-widget-container\">\n\t\t\t<style>\/*! elementor - v3.9.0 - 06-12-2022 *\/\n.elementor-widget-text-editor.elementor-drop-cap-view-stacked .elementor-drop-cap{background-color:#818a91;color:#fff}.elementor-widget-text-editor.elementor-drop-cap-view-framed .elementor-drop-cap{color:#818a91;border:3px solid;background-color:transparent}.elementor-widget-text-editor:not(.elementor-drop-cap-view-default) .elementor-drop-cap{margin-top:8px}.elementor-widget-text-editor:not(.elementor-drop-cap-view-default) .elementor-drop-cap-letter{width:1em;height:1em}.elementor-widget-text-editor .elementor-drop-cap{float:left;text-align:center;line-height:1;font-size:50px}.elementor-widget-text-editor .elementor-drop-cap-letter{display:inline-block}<\/style>\t\t\t\t<p><strong>ACEPTACI\u00d3N<\/strong><\/p><p><strong>Al acceder, consultar o utilizar el Sitio Web, los Usuarios (\u201cVd.\u201d, \u201custed\u201d, \u201cUsuario\u201d, o \u201cusuario\u201d) aceptan cumplir los t\u00e9rminos y condiciones establecidos en este Contrato. En caso de que usted no acepte quedar vinculado por los presentes t\u00e9rminos y condiciones, no podr\u00e1 acceder a, ni utilizar, el Sitio Web.<\/strong><\/p><p><strong>REQUISITOS RELATIVOS AL USUARIO<\/strong><\/p><p><strong>El Sitio Web y los servicios relacionados con el mismo se ofrecen a los Usuarios que tengan capacidad legal para otorgar contratos legalmente vinculantes seg\u00fan la legislaci\u00f3n aplicable.<\/strong><\/p><p><strong>Los menores no est\u00e1n autorizados para utilizar el Sitio Web. Si usted es menor de edad, por favor, no utilice esta web.<\/strong><\/p><p><strong>LICENCIA<\/strong><\/p><p><strong>Todo el material mostrado u ofrecido en el Sitio Web, entre otros ejemplos, el material gr\u00e1fico, los documentos, textos, im\u00e1genes, sonido, video, audio, las ilustraciones, el software y el c\u00f3digo HTML.<\/strong><\/p><p><strong>El Contenido est\u00e1 protegido por las leyes de copyright Mexicanas, estadounidenses e internacionales, as\u00ed como por las dem\u00e1s leyes, reglamentos y normas aplicables a los derechos de propiedad intelectual. Salvo disposici\u00f3n expresa en contrario en el presente contrato, y\/o salvo que por imperativo legal ello est\u00e9 expresamente permitido por leyes derogatorias de las actualmente vigentes, el Usuario no podr\u00e1 (i) utilizar, copiar, modificar, mostrar, eliminar, distribuir, descargar, almacenar, reproducir, transmitir, publicar, vender, revender, adaptar, invertir el proceso de creaci\u00f3n o crear productos derivados a partir de, el Contenido. Tampoco podr\u00e1 (ii) utilizar el Contenido en otras p\u00e1ginas Web o en cualquier medio de comunicaci\u00f3n como, por ejemplo, en un entorno de red, sin la previa autorizaci\u00f3n por escrito.<\/strong><\/p>\t\t\t\t\t\t<\/div>\n\t\t\t\t<\/div>\n\t\t\t\t\t<\/div>\n\t\t<\/div>\n\t\t\t\t\t\t\t<\/div>\n\t\t<\/section>\n\t\t\t\t\t\t\t<\/div>\n\t\t","protected":false},"excerpt":{"rendered":"<p>T\u00e9rminos y Condiciones ACEPTACI\u00d3N Al acceder, consultar o utilizar el Sitio Web, los Usuarios (\u201cVd.\u201d, \u201custed\u201d, \u201cUsuario\u201d, o \u201cusuario\u201d) aceptan cumplir los t\u00e9rminos y condiciones establecidos en este Contrato. En caso de que usted no acepte quedar vinculado por los presentes t\u00e9rminos y condiciones, no podr\u00e1 acceder a, ni utilizar, el Sitio Web. REQUISITOS RELATIVOS &hellip;<\/p>\n<p class=\"read-more\"> <a class=\"\" href=\"https:\/\/oportunidadesdigitales.online\/intertrafic\/terminos_condiciones\/\"> <span class=\"screen-reader-text\">terminos_condiciones<\/span> Read More &raquo;<\/a><\/p>\n","protected":false},"author":1,"featured_media":0,"parent":0,"menu_order":0,"comment_status":"closed","ping_status":"closed","template":"","meta":{"site-sidebar-layout":"no-sidebar","site-content-layout":"page-builder","ast-global-header-display":"","ast-main-header-display":"","ast-hfb-above-header-display":"","ast-hfb-below-header-display":"","ast-hfb-mobile-header-display":"","site-post-title":"disabled","ast-breadcrumbs-content":"","ast-featured-img":"disabled","footer-sml-layout":"","theme-transparent-header-meta":"","adv-header-id-meta":"","stick-header-meta":"","header-above-stick-meta":"","header-main-stick-meta":"","header-below-stick-meta":"","pgc_sgb_lightbox_settings":"","_joinchat":[]},"_links":{"self":[{"href":"https:\/\/oportunidadesdigitales.online\/intertrafic\/wp-json\/wp\/v2\/pages\/800"}],"collection":[{"href":"https:\/\/oportunidadesdigitales.online\/intertrafic\/wp-json\/wp\/v2\/pages"}],"about":[{"href":"https:\/\/oportunidadesdigitales.online\/intertrafic\/wp-json\/wp\/v2\/types\/page"}],"author":[{"embeddable":true,"href":"https:\/\/oportunidadesdigitales.online\/intertrafic\/wp-json\/wp\/v2\/users\/1"}],"replies":[{"embeddable":true,"href":"https:\/\/oportunidadesdigitales.online\/intertrafic\/wp-json\/wp\/v2\/comments?post=800"}],"version-history":[{"count":16,"href":"https:\/\/oportunidadesdigitales.online\/intertrafic\/wp-json\/wp\/v2\/pages\/800\/revisions"}],"predecessor-version":[{"id":958,"href":"https:\/\/oportunidadesdigitales.online\/intertrafic\/wp-json\/wp\/v2\/pages\/800\/revisions\/958"}],"wp:attachment":[{"href":"https:\/\/oportunidadesdigitales.online\/intertrafic\/wp-json\/wp\/v2\/media?parent=800"}],"curies":[{"name":"wp","href":"https:\/\/api.w.org\/{rel}","templated":true}]}}